{"id":95,"date":"2025-01-06T15:13:06","date_gmt":"2025-01-06T14:13:06","guid":{"rendered":"https:\/\/kreamusic.org\/?page_id=95"},"modified":"2026-02-23T18:51:08","modified_gmt":"2026-02-23T17:51:08","slug":"projects","status":"publish","type":"page","link":"https:\/\/kreamusic.org\/?page_id=95&lang=en","title":{"rendered":"Projects"},"content":{"rendered":"\n<h2 class=\"wp-block-heading has-primary-color has-text-color has-link-color wp-elements-865e647281af9e079b6dce8eaa46dcac\"><strong>Concerts<\/strong><\/h2>\n\n\n\n<p><strong>Mickiewicz for Three Voices<\/strong><br>Radziejowice Palace \u2013 World Premiere (17.11.2018)<br>White Hall of the Museum of King Jan III\u2019s Palace at Wilan\u00f3w (09.2019)<br>Teatr Wielki \u2013 Polish National Opera in Warsaw (04.2023)<br>Wilan\u00f3w Cultural Centre (30.09.2023)<\/p>\n\n\n\n<p><strong>Chopin Forever<\/strong><br>Waldemar Malicki and the Chopin University Big Band, CK Nowy S\u0105cz (2018)<br>Special concert for Mrs. El\u017cbieta Penderecka: Big Band of the Fryderyk Chopin University of Music and S\u0142awek Uniatowski,<br>Krzysztof Penderecki European Centre for Music (13.05.2017)<\/p>\n\n\n\n<h2 class=\"wp-block-heading\"><strong>Productions<\/strong><\/h2>\n\n\n\n<p><strong>Theatre and surroundings<\/strong><br><em>Marilyn Monroe. Fragments<\/em> \u2013 a stage production directed by Andrzej Strzelecki.<br>A theatrical\u2013musical performance for children: <em>Classics Not Only for the Little Ones \u2013 with Christmas Carols and More.<\/em><br>An interdisciplinary performance <em>Returning Lives<\/em>, produced in cooperation with Reckless Moments (Australia\/China); premiered at the International Festival <em>The Ten Days on the Island Festival<\/em> in Hobart (Tasmania, Australia), March 2017.<\/p>\n\n\n\n<p><strong>Audio guides for the Zach\u0119ta National Gallery of Art for the exhibitions:<\/strong><br><em>Kulisie\u00adwicz. Lapidary Beauty<\/em><br><em>Stasys Eidrigevi\u010dius. Reactions<\/em><br><em>Ignacy Czwartos. The Painter Knelt as He Painted<\/em><br><em>There Will Be No Spring<\/em><br><em>Paint and Colour. Krzysztof Gliszczy\u0144ski and Tadeusz Gustaw Wiktor<\/em><br><em>Latin Figurations. Tadeusz Boruta, Antoni Cygan, Piotr Naliwajko<\/em><br><em>Adolf Ryszka. Space Bears a Shadow<\/em><br><em>The Landscape of Polish Painting. Nowosielski<\/em><\/p>\n\n\n\n<h2 class=\"wp-block-heading\"><strong>Publications<\/strong><\/h2>\n\n\n\n<p>CD \u2013 Gabriel Collet. <em>Mickiewicz for Three Voices.<\/em><br>A cycle of twelve songs to the poems of Adam Mickiewicz for baritone and two marimbas. <a href=\"https:\/\/www.legimi.pl\/ebook-muzyka-na-cztery-drzewa-i-fletnie-pana-jan-wilkowski,b861112.html#AUDIOBOOKRETAIL\">LISTEN<\/a><\/p>\n\n\n\n<p>Musical radio play \u2013 Jan Wilkowski, <em>Music for Four Trees and a Pan Flute.<\/em><br>Directed by Artur Roma\u0144ski. <a href=\"https:\/\/open.spotify.com\/artist\/6fCk4pLe9rgczThbGZoT78\">LISTEN<\/a><\/p>\n\n\n\n<p>Orchestral score \u2013 <em>Conversation with a Stone.<\/em><br>Concerto for 2 marimbas and symphony orchestra by Gabriel Collet.<\/p>\n\n\n\n<h2 class=\"wp-block-heading\"><strong>Open-Air Events and Workshops<\/strong><\/h2>\n\n\n\n<p>Co-organization of workshops of the group <strong>\u017byrardowskie Uderzenie<\/strong> for percussion students from primary and secondary music schools.<\/p>\n\n\n\n<p>Co-organization, together with the Hanna Baku\u0142a Foundation, of the <strong>6th Painting and Music Open-Air Workshop in Ko\u0142obrzeg<\/strong> for children from the Children\u2019s Home in Kielce (music classes for children \u2013 history of music, rhythmics, active listening to classical music, improvisation on percussion instruments).<\/p>\n\n\n\n<p>Co-organization, together with the Hanna Baku\u0142a Foundation, of the <strong>5th Painting and Music Open-Air Workshop in Myczkowce<\/strong> for children from the Children\u2019s Home in Kielce (music classes for children \u2013 history of music, rhythmics, active listening to classical music, improvisation on percussion instruments).<\/p>\n\n\n\n<h2 class=\"wp-block-heading\"><strong>Social Initiatives<\/strong><\/h2>\n\n\n\n<p>Artistic murals at the Children\u2019s Memorial Health Institute.<br>Under an agreement with the Polish Energy Group and PZU \u017bycie, the Foundation carried out renovation and artistic, fairy\u2011tale painting of a corridor by young visual artists at the Children\u2019s Memorial Health Institute in Warsaw, in the corridor leading to the ICU and neonatal ward.<\/p>\n\n\n\n<h2 class=\"wp-block-heading\"><strong>Other<\/strong><\/h2>\n\n\n\n<p class=\"has-primary-color has-text-color has-link-color wp-elements-839aae5b1dc0be1888fa69c2eb8a8d44\">Digitization of the private archive of <strong>Zbigniew Chwedczuk<\/strong> (2022), conductor and long\u2011time music director of the Pomeranian Philharmonic, carried out as part of the celebration of the 100th anniversary of his birth and the 50th anniversary of his tenure at the I.J. Paderewski Pomeranian Philharmonic.<br>The project was accompanied by an exhibition of archival materials (photographs, Polish and foreign press materials, posters).<\/p>\n","protected":false},"excerpt":{"rendered":"<p>Concerts Mickiewicz for Three VoicesRadziejowice Palace \u2013 World Premiere (17.11.2018)White Hall of the Museum of King Jan III\u2019s Palace at Wilan\u00f3w (09.2019)Teatr Wielki \u2013 Polish National Opera in Warsaw (04.2023)Wilan\u00f3w Cultural Centre (30.09.2023) Chopin ForeverWaldemar Malicki and the Chopin University Big Band, CK Nowy S\u0105cz (2018)Special concert for Mrs. El\u017cbieta Penderecka: Big Band of the &hellip; <\/p>\n<p class=\"link-more\"><a href=\"https:\/\/kreamusic.org\/?page_id=95&#038;lang=en\" class=\"more-link\">Czytaj dalej<span class=\"screen-reader-text\"> \u201eProjects\u201d<\/span><\/a><\/p>\n","protected":false},"author":3,"featured_media":0,"parent":0,"menu_order":0,"comment_status":"closed","ping_status":"closed","template":"","meta":{"footnotes":""},"class_list":["post-95","page","type-page","status-publish","hentry"],"_links":{"self":[{"href":"https:\/\/kreamusic.org\/index.php?rest_route=\/wp\/v2\/pages\/95","targetHints":{"allow":["GET"]}}],"collection":[{"href":"https:\/\/kreamusic.org\/index.php?rest_route=\/wp\/v2\/pages"}],"about":[{"href":"https:\/\/kreamusic.org\/index.php?rest_route=\/wp\/v2\/types\/page"}],"author":[{"embeddable":true,"href":"https:\/\/kreamusic.org\/index.php?rest_route=\/wp\/v2\/users\/3"}],"replies":[{"embeddable":true,"href":"https:\/\/kreamusic.org\/index.php?rest_route=%2Fwp%2Fv2%2Fcomments&post=95"}],"version-history":[{"count":3,"href":"https:\/\/kreamusic.org\/index.php?rest_route=\/wp\/v2\/pages\/95\/revisions"}],"predecessor-version":[{"id":195,"href":"https:\/\/kreamusic.org\/index.php?rest_route=\/wp\/v2\/pages\/95\/revisions\/195"}],"wp:attachment":[{"href":"https:\/\/kreamusic.org\/index.php?rest_route=%2Fwp%2Fv2%2Fmedia&parent=95"}],"curies":[{"name":"wp","href":"https:\/\/api.w.org\/{rel}","templated":true}]}}