{"id":46,"date":"2025-01-06T15:57:12","date_gmt":"2025-01-06T14:57:12","guid":{"rendered":"https:\/\/kreamusic.org\/?page_id=46"},"modified":"2026-03-31T11:01:39","modified_gmt":"2026-03-31T09:01:39","slug":"kontakt","status":"publish","type":"page","link":"https:\/\/kreamusic.org\/?page_id=46","title":{"rendered":"Kontakt"},"content":{"rendered":"\n<p><mark style=\"background-color:rgba(0, 0, 0, 0)\" class=\"has-inline-color has-primary-color\"><strong>Fundacja Krea Music<br><\/strong>ul. Koralowa 78<br>02-309 Warszawa<br>fundacja(at)kreamusic.org<br>KRS 0000469754<br>REGON 146778019<br>NIP 951 236 95 00<br><br><\/mark><br><mark style=\"background-color:rgba(0, 0, 0, 0)\" class=\"has-inline-color has-primary-color\"><strong>Zarz\u0105d Fundacji<\/strong><\/mark><\/p>\n\n\n\n<p><mark style=\"background-color:rgba(0, 0, 0, 0)\" class=\"has-inline-color has-primary-color\"><br>Elwira \u015al\u0105zak &#8211; Prezes<br>eslazak(at)kreamusic.org<\/mark><\/p>\n\n\n\n<p><mark style=\"background-color:rgba(0, 0, 0, 0)\" class=\"has-inline-color has-primary-color\">Marzena Niemirowska &#8211; Wiceprezes<br>mniemirowska(at)kreamusic.org<\/mark><\/p>\n\n\n\n<p><\/p>\n\n\n\n<p><\/p>\n","protected":false},"excerpt":{"rendered":"<p>Fundacja Krea Musicul. Koralowa 7802-309 Warszawafundacja(at)kreamusic.orgKRS 0000469754REGON 146778019NIP 951 236 95 00 Zarz\u0105d Fundacji Elwira \u015al\u0105zak &#8211; Prezeseslazak(at)kreamusic.org Marzena Niemirowska &#8211; Wiceprezesmniemirowska(at)kreamusic.org<\/p>\n","protected":false},"author":3,"featured_media":0,"parent":0,"menu_order":0,"comment_status":"closed","ping_status":"closed","template":"","meta":{"footnotes":""},"class_list":["post-46","page","type-page","status-publish","hentry"],"_links":{"self":[{"href":"https:\/\/kreamusic.org\/index.php?rest_route=\/wp\/v2\/pages\/46","targetHints":{"allow":["GET"]}}],"collection":[{"href":"https:\/\/kreamusic.org\/index.php?rest_route=\/wp\/v2\/pages"}],"about":[{"href":"https:\/\/kreamusic.org\/index.php?rest_route=\/wp\/v2\/types\/page"}],"author":[{"embeddable":true,"href":"https:\/\/kreamusic.org\/index.php?rest_route=\/wp\/v2\/users\/3"}],"replies":[{"embeddable":true,"href":"https:\/\/kreamusic.org\/index.php?rest_route=%2Fwp%2Fv2%2Fcomments&post=46"}],"version-history":[{"count":7,"href":"https:\/\/kreamusic.org\/index.php?rest_route=\/wp\/v2\/pages\/46\/revisions"}],"predecessor-version":[{"id":203,"href":"https:\/\/kreamusic.org\/index.php?rest_route=\/wp\/v2\/pages\/46\/revisions\/203"}],"wp:attachment":[{"href":"https:\/\/kreamusic.org\/index.php?rest_route=%2Fwp%2Fv2%2Fmedia&parent=46"}],"curies":[{"name":"wp","href":"https:\/\/api.w.org\/{rel}","templated":true}]}}