{"id":36,"date":"2025-01-06T15:13:06","date_gmt":"2025-01-06T14:13:06","guid":{"rendered":"https:\/\/kreamusic.org\/?page_id=36"},"modified":"2026-02-23T18:49:44","modified_gmt":"2026-02-23T17:49:44","slug":"wydawnictwa","status":"publish","type":"page","link":"https:\/\/kreamusic.org\/?page_id=36","title":{"rendered":"Projekty"},"content":{"rendered":"\n<p class=\"has-text-align-left has-contrast-light-color has-vivid-red-background-color has-text-color has-background has-link-color has-superbfont-large-font-size wp-elements-424acbeafce0d896b83f1f77b0bfdc56\" style=\"margin-top:0;margin-right:0;margin-bottom:0;margin-left:0;padding-top:0;padding-right:var(--wp--preset--spacing--superbspacing-xsmall);padding-bottom:0;padding-left:var(--wp--preset--spacing--superbspacing-xsmall)\"><mark style=\"background-color:rgba(0, 0, 0, 0)\" class=\"has-inline-color has-white-color\">Koncerty<\/mark><\/p>\n\n\n\n<p class=\"has-contrast-dark-color has-text-color has-link-color has-superbfont-xsmall-font-size wp-elements-5f0ae631576c9877733b9c9083813f4b\" style=\"padding-top:0;padding-right:0;padding-bottom:0;padding-left:0\"><em><strong>Mickiewicz na 3 g\u0142osy<\/strong><\/em><br>Pa\u0142ac Radziejowice &#8211; \u015bwiatowa Premiera (17.11.2018)<br>Sala Bia\u0142a Muzeum Kr\u00f3la Jana III Pa\u0142ac w Wilanowie (09.2019)<br>Teatr Wielki-Opera Narodowa w Warszawie (04.2023)&nbsp;<br>Dom Kultury Wilan\u00f3w&nbsp; (30.09.2023)<br><br><strong><em>Chopin Forever <\/em><\/strong><br>Waldemar Malicki oraz Chopin University Big Band CK Nowy S\u0105cz (2018)<br>Koncert specjalny dla Pani El\u017cbiety Pendereckiej Big Band UMFC i S\u0142awek<br>Uniatowski Europejskie Centrum Muzyki Krzysztofa Pendereckiego&nbsp; (13.05.2017)<\/p>\n\n\n\n<p class=\"has-contrast-light-color has-vivid-red-background-color has-text-color has-background has-link-color has-superbfont-large-font-size wp-elements-455d1350441db3f12b705381cdb45a5f\" style=\"padding-top:0;padding-right:var(--wp--preset--spacing--superbspacing-xsmall);padding-bottom:0;padding-left:var(--wp--preset--spacing--superbspacing-xsmall)\"><mark style=\"background-color:rgba(0, 0, 0, 0)\" class=\"has-inline-color has-white-color\">Produkcje<\/mark><\/p>\n\n\n\n<p class=\"has-contrast-dark-color has-text-color has-link-color has-superbfont-xsmall-font-size wp-elements-bb91e2fd12bc6b9265212b954c19e601\"><strong>Teatr i okolice<\/strong><br>Spektakl <em>Marilyn Monroe Fragmenty<\/em>, re\u017c. Andrzeja Strzeleckiego.<br>Spektakl&nbsp;teatralno-muzyczny dla dzieci <em>Klasyka nie tylko dla smyka<\/em> <em>z kol\u0119d\u0105 i nie tylko<\/em>.&nbsp;<br>Spektakl interdyscyplinarny <em>Returning Lives<\/em> we wsp\u00f3\u0142pracy agencj\u0105 Reckless Moments (Australia\/ Chiny); premiera&nbsp;w ramach Mi\u0119dzynarodowego Festiwalu The Ten Days on the Island Festival&nbsp;w Hobart (Tasmania, Australia) marzec 2017.<\/p>\n\n\n\n<p class=\"has-primary-color has-text-color has-link-color has-superbfont-xsmall-font-size wp-elements-05cae023ae878824c64ed9225bc63b3b\">&nbsp;<strong>Audioprzewodniki dla Narodowej Galerii Sztuki Zach\u0119ta do wystaw:<\/strong><br>&nbsp;<em>Kulisiewicz Lapidarne pi\u0119kno<\/em>,<br>&nbsp;<em>Stasys Eidrigevi\u010dius Reakcje<\/em>,&nbsp;<br><em>Ignacy Czwartos, malarz kl\u0119cza\u0142, jak malowa\u0142<\/em><br><em>Wiosny ju\u017c nie b\u0119dzie<\/em>,&nbsp;<br><em>Farba i barwa.&nbsp;Krzysztof Gliszczy\u0144ski i Tadeusz Gustaw Wiktor<\/em><br><em>\u0141aci\u0144skie figuracje. Tadeusz Boruta, Antoni Cygan, Piotr Naliwajko<\/em>,<br><em>Adolf Ryszka. Przestrze\u0144 niesie cie\u0144<\/em><br><em>Pejza\u017c Malarstwa Polskiego. Nowosielski<\/em><\/p>\n\n\n\n<p class=\"has-contrast-light-color has-vivid-red-background-color has-text-color has-background has-link-color has-superbfont-large-font-size wp-elements-c006feed8044b0439630bef7f5be586a\" style=\"padding-top:0;padding-right:var(--wp--preset--spacing--superbspacing-xsmall);padding-bottom:0;padding-left:var(--wp--preset--spacing--superbspacing-xsmall)\"><mark style=\"background-color:rgba(0, 0, 0, 0)\" class=\"has-inline-color has-white-color\">Wydawnictwa<\/mark><\/p>\n\n\n\n<p class=\"has-primary-color has-text-color has-link-color wp-elements-6f581c3215f8377c15c65ffbebb952fe\"><strong>CD <\/strong>\u2013 Gabriel Collet. <em>Mickiewicz na trzy g\u0142osy. <\/em>Cykl dwunastu pie\u015bni do wierszy Adama Mickiewicza\u00a0na baryton i dwie marimby <a href=\"https:\/\/open.spotify.com\/album\/4H8dLh6p84sng3ZaxvZdnX\" data-type=\"link\" data-id=\"https:\/\/open.spotify.com\/album\/4H8dLh6p84sng3ZaxvZdnX\" target=\"_blank\" rel=\"noreferrer noopener\"><strong>POS\u0141UCHAJ<\/strong><\/a><br><strong>S\u0142uchowisko muzyczne<\/strong> Jan Wilkowski <em>Muzyka na cztery drzewa i fletni\u0119 pana<\/em>. Re\u017c. Artura Roma\u0144skiego <a href=\"https:\/\/www.legimi.pl\/ebook-muzyka-na-cztery-drzewa-i-fletnie-pana-jan-wilkowski,b861112.html#AUDIOBOOKRETAIL\" data-type=\"page\" data-id=\"85\" target=\"_blank\" rel=\"noreferrer noopener\"><strong>POS\u0141UCHAJ<\/strong><br><\/a><strong>Partytura orkiestrowa<\/strong> <em>Rozmowa z kamieniem<\/em> Koncert na 2 marimby i orkiestr\u0119 symfoniczn\u0105 Gabriela Collet <br><\/p>\n\n\n\n<p class=\"has-contrast-light-color has-vivid-red-background-color has-text-color has-background has-link-color has-superbfont-large-font-size wp-elements-d1f97ed2602c6943a936494f61fb1c44\" style=\"padding-top:0;padding-right:var(--wp--preset--spacing--superbspacing-xsmall);padding-bottom:0;padding-left:var(--wp--preset--spacing--superbspacing-xsmall)\"><mark style=\"background-color:rgba(0, 0, 0, 0)\" class=\"has-inline-color has-white-color\">Plenery, warsztaty<\/mark><\/p>\n\n\n\n<p class=\"has-contrast-dark-color has-text-color has-link-color wp-elements-488fdd277666cb1a88539572f4932d24\">Wsp\u00f3\u0142organizacja&nbsp;Warsztat\u00f3w&nbsp;zespo\u0142u <em>\u017byrardowskie Uderzenie<\/em> dla uczni\u00f3w z klas perkusji&nbsp;szk\u00f3\u0142 muzycznych I i II st.<br><br>Wsp\u00f3\u0142organizacja wraz z&nbsp;Fundacj\u0105 Hanny Baku\u0142y&nbsp;VI Pleneru Malarsko-Muzycznego w Ko\u0142obrzegu dla wychowank\u00f3w Domu Dziecka w Kielcach, podopiecznych (zaj\u0119cia muzyczne dla dzieci &#8211; historii muzyki, rytmiki, umiej\u0119tnego s\u0142uchania muzyki klasycznej, improwizacji na instrumentach perkusyjnych),<br><br>Wsp\u00f3\u0142organizacja wraz&nbsp;Fundacj\u0105 Hanny Baku\u0142y&nbsp;V Pleneru Malarsko-Muzycznego w Myczkowcach dla wychowank\u00f3w Domu Dziecka w Kielcach, podopiecznych (zaj\u0119cia muzyczne dla dzieci z historii muzyki, rytmiki, umiej\u0119tnego s\u0142uchania muzyki klasycznej, improwizacji na instrumentach perkusyjnych), <\/p>\n\n\n\n<p class=\"has-contrast-light-color has-vivid-red-background-color has-text-color has-background has-link-color has-superbfont-large-font-size wp-elements-4106a07f68aa7bea7b8da14a55554ff6\" style=\"padding-top:0;padding-right:var(--wp--preset--spacing--superbspacing-xsmall);padding-bottom:0;padding-left:var(--wp--preset--spacing--superbspacing-xsmall)\"><mark style=\"background-color:rgba(0, 0, 0, 0)\" class=\"has-inline-color has-white-color\">Akcje spo\u0142eczne<\/mark><\/p>\n\n\n\n<p class=\"has-contrast-dark-color has-text-color has-link-color wp-elements-4e8d6be9c20487a7c594845f7156be64\"><br><strong><em>Artystyczne murale w Centrum Zdrowia Dziecka<\/em><\/strong>.&nbsp;W ramach umowy z Polsk\u0105 Grup\u0105 Energetyczn\u0105 oraz PZU \u017bycie, Fundacja przeprowadzi\u0142a remont oraz artystyczne, bajkowe malowanie korytarza przez m\u0142odych artyst\u00f3w malarzy,&nbsp; w Centrum Zdrowia Dziecka w Warszawie w korytarzu prowadz\u0105cym na OIOM i oddzia\u0142 neonatologii.<\/p>\n\n\n\n<p class=\"has-contrast-light-color has-vivid-red-background-color has-text-color has-background has-link-color has-superbfont-large-font-size wp-elements-cdd549b96cd9ce57af914d5afae6049b\" style=\"padding-top:0;padding-right:var(--wp--preset--spacing--superbspacing-xsmall);padding-bottom:0;padding-left:var(--wp--preset--spacing--superbspacing-xsmall)\"><mark style=\"background-color:rgba(0, 0, 0, 0)\" class=\"has-inline-color has-white-color\">Inne<\/mark><\/p>\n\n\n\n<p class=\"has-contrast-dark-color has-text-color has-link-color wp-elements-8c784a74344e2588b6fb4436cac73695\">Digitalizacja archiwum prywatnego Zbigniewa Chwedczuka&nbsp;(2022), dyrygenta i wieloletniego kierownika muzycznego Filharmonii Pomorskiej, w&nbsp;ramach Jubileuszu 100-lecia Jego urodzin oraz 50-lecia zako\u0144czenia misji kierownictwa w Filharmonii Pomorskiej im. I.J. Paderewskiego (zdj\u0119cia, materia\u0142y prasowe polskie i zagraniczne, plakaty). Projektowi towarzyszy\u0142a wystawa archiwali\u00f3w.<\/p>\n","protected":false},"excerpt":{"rendered":"<p>Koncerty Mickiewicz na 3 g\u0142osyPa\u0142ac Radziejowice &#8211; \u015bwiatowa Premiera (17.11.2018)Sala Bia\u0142a Muzeum Kr\u00f3la Jana III Pa\u0142ac w Wilanowie (09.2019)Teatr Wielki-Opera Narodowa w Warszawie (04.2023)&nbsp;Dom Kultury Wilan\u00f3w&nbsp; (30.09.2023) Chopin Forever Waldemar Malicki oraz Chopin University Big Band CK Nowy S\u0105cz (2018)Koncert specjalny dla Pani El\u017cbiety Pendereckiej Big Band UMFC i S\u0142awekUniatowski Europejskie Centrum Muzyki Krzysztofa Pendereckiego&nbsp; &hellip; <\/p>\n<p class=\"link-more\"><a href=\"https:\/\/kreamusic.org\/?page_id=36\" class=\"more-link\">Czytaj dalej<span class=\"screen-reader-text\"> \u201eProjekty\u201d<\/span><\/a><\/p>\n","protected":false},"author":3,"featured_media":0,"parent":0,"menu_order":0,"comment_status":"closed","ping_status":"closed","template":"","meta":{"footnotes":""},"class_list":["post-36","page","type-page","status-publish","hentry"],"_links":{"self":[{"href":"https:\/\/kreamusic.org\/index.php?rest_route=\/wp\/v2\/pages\/36","targetHints":{"allow":["GET"]}}],"collection":[{"href":"https:\/\/kreamusic.org\/index.php?rest_route=\/wp\/v2\/pages"}],"about":[{"href":"https:\/\/kreamusic.org\/index.php?rest_route=\/wp\/v2\/types\/page"}],"author":[{"embeddable":true,"href":"https:\/\/kreamusic.org\/index.php?rest_route=\/wp\/v2\/users\/3"}],"replies":[{"embeddable":true,"href":"https:\/\/kreamusic.org\/index.php?rest_route=%2Fwp%2Fv2%2Fcomments&post=36"}],"version-history":[{"count":11,"href":"https:\/\/kreamusic.org\/index.php?rest_route=\/wp\/v2\/pages\/36\/revisions"}],"predecessor-version":[{"id":193,"href":"https:\/\/kreamusic.org\/index.php?rest_route=\/wp\/v2\/pages\/36\/revisions\/193"}],"wp:attachment":[{"href":"https:\/\/kreamusic.org\/index.php?rest_route=%2Fwp%2Fv2%2Fmedia&parent=36"}],"curies":[{"name":"wp","href":"https:\/\/api.w.org\/{rel}","templated":true}]}}