{"id":167,"date":"2026-02-23T16:50:06","date_gmt":"2026-02-23T15:50:06","guid":{"rendered":"https:\/\/kreamusic.org\/?page_id=167"},"modified":"2026-02-23T19:35:33","modified_gmt":"2026-02-23T18:35:33","slug":"home","status":"publish","type":"page","link":"https:\/\/kreamusic.org\/","title":{"rendered":"Dzie\u0144 dobry!"},"content":{"rendered":"\n<h1 class=\"wp-block-heading\">Fundacja Krea Music skupia m\u0142odych, pr\u0119\u017cnych artyst\u00f3w i menad\u017cer\u00f3w kultury, kt\u00f3rzy robi\u0105c najlepiej, to co najlepiej potrafi\u0105, pragn\u0105 tworzy\u0107 now\u0105, pi\u0119kniejsz\u0105 rzeczywisto\u015b\u0107. <\/h1>\n\n\n\n<div class=\"wp-block-columns is-layout-flex wp-container-core-columns-is-layout-9d6595d7 wp-block-columns-is-layout-flex\">\n<div class=\"wp-block-column is-layout-flow wp-block-column-is-layout-flow\" style=\"flex-basis:100%\">\n<p class=\"has-text-align-left\"><strong>Nasi wsp\u00f3\u0142pracownicy:<\/strong><br>Fundacja KGHM<br>Fundacja PZU<br>Fundacja PGE <br>Instytut Adama Mickiewicza<br>Dom Pracy Tw\u00f3rczej w Radziejowicach<br><\/p>\n<\/div>\n<\/div>\n","protected":false},"excerpt":{"rendered":"<p>Fundacja Krea Music skupia m\u0142odych, pr\u0119\u017cnych artyst\u00f3w i menad\u017cer\u00f3w kultury, kt\u00f3rzy robi\u0105c najlepiej, to co najlepiej potrafi\u0105, pragn\u0105 tworzy\u0107 now\u0105, pi\u0119kniejsz\u0105 rzeczywisto\u015b\u0107. Nasi wsp\u00f3\u0142pracownicy:Fundacja KGHMFundacja PZUFundacja PGE Instytut Adama MickiewiczaDom Pracy Tw\u00f3rczej w Radziejowicach<\/p>\n","protected":false},"author":3,"featured_media":0,"parent":0,"menu_order":0,"comment_status":"closed","ping_status":"closed","template":"","meta":{"footnotes":""},"class_list":["post-167","page","type-page","status-publish","hentry"],"_links":{"self":[{"href":"https:\/\/kreamusic.org\/index.php?rest_route=\/wp\/v2\/pages\/167","targetHints":{"allow":["GET"]}}],"collection":[{"href":"https:\/\/kreamusic.org\/index.php?rest_route=\/wp\/v2\/pages"}],"about":[{"href":"https:\/\/kreamusic.org\/index.php?rest_route=\/wp\/v2\/types\/page"}],"author":[{"embeddable":true,"href":"https:\/\/kreamusic.org\/index.php?rest_route=\/wp\/v2\/users\/3"}],"replies":[{"embeddable":true,"href":"https:\/\/kreamusic.org\/index.php?rest_route=%2Fwp%2Fv2%2Fcomments&post=167"}],"version-history":[{"count":6,"href":"https:\/\/kreamusic.org\/index.php?rest_route=\/wp\/v2\/pages\/167\/revisions"}],"predecessor-version":[{"id":199,"href":"https:\/\/kreamusic.org\/index.php?rest_route=\/wp\/v2\/pages\/167\/revisions\/199"}],"wp:attachment":[{"href":"https:\/\/kreamusic.org\/index.php?rest_route=%2Fwp%2Fv2%2Fmedia&parent=167"}],"curies":[{"name":"wp","href":"https:\/\/api.w.org\/{rel}","templated":true}]}}