{"id":151,"date":"2026-02-23T16:30:59","date_gmt":"2026-02-23T15:30:59","guid":{"rendered":"https:\/\/kreamusic.org\/?page_id=151"},"modified":"2026-02-23T17:07:35","modified_gmt":"2026-02-23T16:07:35","slug":"o-nas","status":"publish","type":"page","link":"https:\/\/kreamusic.org\/?page_id=151","title":{"rendered":"O nas"},"content":{"rendered":"\n<h1 class=\"wp-block-heading has-text-align-center\"><strong>Czym si\u0119 zajmujemy?<\/strong><br><strong>Produkcja muzyczna, koncerty, edukacja<\/strong><\/h1>\n\n\n\n<h2 class=\"wp-block-heading has-text-align-center\"><strong>Nasze dzia\u0142ania kierujemy do wszystkich, bez wzgl\u0119du na wiek i kompetencje muzyczne<\/strong><\/h2>\n\n\n\n<p><br><strong>Produkcja muzyczna<\/strong><br>Fundacja specjalizuje si\u0119 w produkowaniu koncert\u00f3w, wydarze\u0144 artystycznych, nagra\u0144 muzycznych, itp.<br><br><strong>Wydawnictwa<\/strong><br>W dorobku Fundacji znajduj\u0105 si\u0119 wydawnictwa muzyczne, instrumentalne i instrumentalno-wokalne oraz s\u0142uchowisko dla dzieci i m\u0142odzie\u017cy.<br><br><strong>Akcje spo\u0142eczne<\/strong><br>Tworzymy now\u0105 rzeczywisto\u015b\u0107. Organizuj\u0105c plenery artystyczne i inne akcje spo\u0142eczne otaczamy opiek\u0105 r\u00f3\u017cne spo\u0142eczno\u015bci.<\/p>\n","protected":false},"excerpt":{"rendered":"<p>Czym si\u0119 zajmujemy?Produkcja muzyczna, koncerty, edukacja Nasze dzia\u0142ania kierujemy do wszystkich, bez wzgl\u0119du na wiek i kompetencje muzyczne Produkcja muzycznaFundacja specjalizuje si\u0119 w produkowaniu koncert\u00f3w, wydarze\u0144 artystycznych, nagra\u0144 muzycznych, itp. WydawnictwaW dorobku Fundacji znajduj\u0105 si\u0119 wydawnictwa muzyczne, instrumentalne i instrumentalno-wokalne oraz s\u0142uchowisko dla dzieci i m\u0142odzie\u017cy. Akcje spo\u0142eczneTworzymy now\u0105 rzeczywisto\u015b\u0107. Organizuj\u0105c plenery artystyczne i inne &hellip; <\/p>\n<p class=\"link-more\"><a href=\"https:\/\/kreamusic.org\/?page_id=151\" class=\"more-link\">Czytaj dalej<span class=\"screen-reader-text\"> \u201eO nas\u201d<\/span><\/a><\/p>\n","protected":false},"author":3,"featured_media":0,"parent":0,"menu_order":0,"comment_status":"closed","ping_status":"closed","template":"","meta":{"footnotes":""},"class_list":["post-151","page","type-page","status-publish","hentry"],"_links":{"self":[{"href":"https:\/\/kreamusic.org\/index.php?rest_route=\/wp\/v2\/pages\/151","targetHints":{"allow":["GET"]}}],"collection":[{"href":"https:\/\/kreamusic.org\/index.php?rest_route=\/wp\/v2\/pages"}],"about":[{"href":"https:\/\/kreamusic.org\/index.php?rest_route=\/wp\/v2\/types\/page"}],"author":[{"embeddable":true,"href":"https:\/\/kreamusic.org\/index.php?rest_route=\/wp\/v2\/users\/3"}],"replies":[{"embeddable":true,"href":"https:\/\/kreamusic.org\/index.php?rest_route=%2Fwp%2Fv2%2Fcomments&post=151"}],"version-history":[{"count":3,"href":"https:\/\/kreamusic.org\/index.php?rest_route=\/wp\/v2\/pages\/151\/revisions"}],"predecessor-version":[{"id":183,"href":"https:\/\/kreamusic.org\/index.php?rest_route=\/wp\/v2\/pages\/151\/revisions\/183"}],"wp:attachment":[{"href":"https:\/\/kreamusic.org\/index.php?rest_route=%2Fwp%2Fv2%2Fmedia&parent=151"}],"curies":[{"name":"wp","href":"https:\/\/api.w.org\/{rel}","templated":true}]}}